{"id":21169,"date":"2023-02-22T12:59:55","date_gmt":"2023-02-22T11:59:55","guid":{"rendered":"https:\/\/talktips.tv\/?page_id=21169"},"modified":"2025-10-14T09:45:13","modified_gmt":"2025-10-14T07:45:13","slug":"blog","status":"publish","type":"page","link":"https:\/\/talktips.tv\/es\/blog\/","title":{"rendered":"BLOG"},"content":{"rendered":"\t\t<div data-elementor-type=\"wp-page\" data-elementor-id=\"21169\" class=\"elementor elementor-21169 elementor-12056\">\n\t\t\t\t<div class=\"elementor-element elementor-element-5011dfd e-flex e-con-boxed e-con e-parent\" data-id=\"5011dfd\" data-element_type=\"container\" data-e-type=\"container\">\n\t\t\t\t\t<div class=\"e-con-inner\">\n\t\t\t\t<div class=\"elementor-element elementor-element-0412264 elementor-widget elementor-widget-heading\" data-id=\"0412264\" data-element_type=\"widget\" data-e-type=\"widget\" data-widget_type=\"heading.default\">\n\t\t\t\t<div class=\"elementor-widget-container\">\n\t\t\t\t\t<h2 class=\"elementor-heading-title elementor-size-default\">BLOG<\/h2>\t\t\t\t<\/div>\n\t\t\t\t<\/div>\n\t\t\t\t\t<\/div>\n\t\t\t\t<\/div>\n\t\t<div class=\"elementor-element elementor-element-d70f09f e-flex e-con-boxed e-con e-parent\" data-id=\"d70f09f\" data-element_type=\"container\" data-e-type=\"container\">\n\t\t\t\t\t<div class=\"e-con-inner\">\n\t\t\t\t<div class=\"elementor-element elementor-element-05b7d41 elementor-widget elementor-widget-raven-advanced-posts\" data-id=\"05b7d41\" data-element_type=\"widget\" data-e-type=\"widget\" data-settings=\"{&quot;show_sortable&quot;:&quot;yes&quot;,&quot;pagination_type&quot;:&quot;load_more&quot;,&quot;general_layout&quot;:&quot;grid&quot;,&quot;columns&quot;:&quot;3&quot;,&quot;columns_tablet&quot;:&quot;2&quot;,&quot;columns_mobile&quot;:&quot;1&quot;,&quot;show_all_title&quot;:&quot;yes&quot;,&quot;query_posts_per_page&quot;:6,&quot;query_orderby&quot;:&quot;date&quot;,&quot;query_offset&quot;:0}\" data-widget_type=\"raven-advanced-posts.default\">\n\t\t\t\t<div class=\"elementor-widget-container\">\n\t\t\t\t\t\t\t<div class=\"raven-posts raven-posts-grid\">\n\t\t\t<div class=\"raven-sortable\"><div class=\"raven-sortable-items\"><a class=\"raven-sortable-item raven-sortable-active\" data-category=\"-1\" href=\"#\">All<\/a><a class=\"raven-sortable-item\" data-category=\"213\" href=\"#\">Experiencias<\/a><a class=\"raven-sortable-item\" data-category=\"214\" href=\"#\">Expresiones para trabajar<\/a><a class=\"raven-sortable-item\" data-category=\"212\" href=\"#\">Habilidades de comunicaci\u00f3n<\/a><a class=\"raven-sortable-item\" data-category=\"220\" href=\"#\">Habilidades para entrevistas de trabajo<\/a><a class=\"raven-sortable-item\" data-category=\"216\" href=\"#\">Lengua inglesa<\/a><a class=\"raven-sortable-item\" data-category=\"202\" href=\"#\">Sin categorizar<\/a><\/div><span class=\"raven-posts-sortable-preloader\"><\/span><\/div>\t\t\t<div class=\"advanced-posts-content content-layout-under-image raven-grid raven-grid-3 raven-grid-mobile-1 raven-grid-tablet-2  \" data-post-id=\"21169\" data-archive-query=\"\">\n\t\t\t\t<div class=\"raven-posts-item raven-grid-item  \"><div class=\"raven-post-wrapper \"><div class=\"raven-post  \"><div class=\"raven-post-image-wrap\"><a class=\"raven-post-image raven-image-fit\" href=\"https:\/\/talktips.tv\/es\/8-errores-en-ingles-tipicos-en-el-trabajo\/\"> <img fetchpriority=\"high\" decoding=\"async\" width=\"900\" height=\"600\" src=\"https:\/\/talktips.tv\/wp-content\/uploads\/2025\/06\/8-english-errors-in-english-cover.jpg\" class=\"attachment-large size-large wp-image-21437\" alt=\"\" srcset=\"https:\/\/talktips.tv\/wp-content\/uploads\/2025\/06\/8-english-errors-in-english-cover.jpg 900w, https:\/\/talktips.tv\/wp-content\/uploads\/2025\/06\/8-english-errors-in-english-cover-300x200.jpg 300w, https:\/\/talktips.tv\/wp-content\/uploads\/2025\/06\/8-english-errors-in-english-cover-768x512.jpg 768w\" sizes=\"(max-width: 900px) 100vw, 900px\" \/><span class=\"raven-post-image-overlay\"><\/span><\/a><\/div><div class=\"raven-post-content\" data-id=\"21461\"><div class=\"raven-post-meta\"><a class=\"raven-post-meta-item raven-post-date\" href=\"https:\/\/talktips.tv\/es\/2025\/08\/\" rel=\"bookmark\">agosto 18, 2025<\/a>\n<span class=\"raven-post-meta-item raven-post-categories\"><a href=\"https:\/\/talktips.tv\/es\/category\/lengua-inglesa\/\" rel=\"tag\">Lengua inglesa<\/a>, <a href=\"https:\/\/talktips.tv\/es\/category\/sin-categorizar\/\" rel=\"tag\">Sin categorizar<\/a><\/span><\/div><h3 class=\"raven-post-title\"><a class=\"raven-post-title-link\" href=\"https:\/\/talktips.tv\/es\/8-errores-en-ingles-tipicos-en-el-trabajo\/\">8 errores en ingl\u00e9s que puedes cometer en el trabajo<\/a><\/h3><\/div><\/div><\/div><\/div><div class=\"raven-posts-item raven-grid-item  \"><div class=\"raven-post-wrapper \"><div class=\"raven-post  \"><div class=\"raven-post-image-wrap\"><a class=\"raven-post-image raven-image-fit\" href=\"https:\/\/talktips.tv\/es\/que-hacer-y-que-no-al-hablar-ingles-en-el-trabajo\/\"> <img decoding=\"async\" width=\"900\" height=\"600\" src=\"https:\/\/talktips.tv\/wp-content\/uploads\/2025\/06\/the-dos-and-donts-of-speaking-enlish-cover.jpg\" class=\"attachment-large size-large wp-image-21433\" alt=\"\" srcset=\"https:\/\/talktips.tv\/wp-content\/uploads\/2025\/06\/the-dos-and-donts-of-speaking-enlish-cover.jpg 900w, https:\/\/talktips.tv\/wp-content\/uploads\/2025\/06\/the-dos-and-donts-of-speaking-enlish-cover-300x200.jpg 300w, https:\/\/talktips.tv\/wp-content\/uploads\/2025\/06\/the-dos-and-donts-of-speaking-enlish-cover-768x512.jpg 768w\" sizes=\"(max-width: 900px) 100vw, 900px\" \/><span class=\"raven-post-image-overlay\"><\/span><\/a><\/div><div class=\"raven-post-content\" data-id=\"21447\"><div class=\"raven-post-meta\"><a class=\"raven-post-meta-item raven-post-date\" href=\"https:\/\/talktips.tv\/es\/2025\/07\/\" rel=\"bookmark\">julio 18, 2025<\/a>\n<span class=\"raven-post-meta-item raven-post-categories\"><a href=\"https:\/\/talktips.tv\/es\/category\/experiencias\/\" rel=\"tag\">Experiencias<\/a>, <a href=\"https:\/\/talktips.tv\/es\/category\/habilidades-de-comunicacion\/\" rel=\"tag\">Habilidades de comunicaci\u00f3n<\/a>, <a href=\"https:\/\/talktips.tv\/es\/category\/sin-categorizar\/\" rel=\"tag\">Sin categorizar<\/a><\/span><\/div><h3 class=\"raven-post-title\"><a class=\"raven-post-title-link\" href=\"https:\/\/talktips.tv\/es\/que-hacer-y-que-no-al-hablar-ingles-en-el-trabajo\/\">Qu\u00e9 hacer y qu\u00e9 no al hablar ingl\u00e9s en el trabajo<\/a><\/h3><\/div><\/div><\/div><\/div><div class=\"raven-posts-item raven-grid-item  \"><div class=\"raven-post-wrapper \"><div class=\"raven-post  \"><div class=\"raven-post-image-wrap\"><a class=\"raven-post-image raven-image-fit\" href=\"https:\/\/talktips.tv\/es\/como-saber-cuando-hablar-en-ingles\/\"> <img decoding=\"async\" width=\"900\" height=\"600\" src=\"https:\/\/talktips.tv\/wp-content\/uploads\/2025\/06\/know-when-to-speak-in-english-cover.jpg\" class=\"attachment-large size-large wp-image-20769\" alt=\"know when to speak in english ready for action\" srcset=\"https:\/\/talktips.tv\/wp-content\/uploads\/2025\/06\/know-when-to-speak-in-english-cover.jpg 900w, https:\/\/talktips.tv\/wp-content\/uploads\/2025\/06\/know-when-to-speak-in-english-cover-300x200.jpg 300w, https:\/\/talktips.tv\/wp-content\/uploads\/2025\/06\/know-when-to-speak-in-english-cover-768x512.jpg 768w\" sizes=\"(max-width: 900px) 100vw, 900px\" \/><span class=\"raven-post-image-overlay\"><\/span><\/a><\/div><div class=\"raven-post-content\" data-id=\"21077\"><div class=\"raven-post-meta\"><a class=\"raven-post-meta-item raven-post-date\" href=\"https:\/\/talktips.tv\/es\/2025\/06\/\" rel=\"bookmark\">junio 18, 2025<\/a>\n<span class=\"raven-post-meta-item raven-post-categories\"><a href=\"https:\/\/talktips.tv\/es\/category\/expresiones-para-trabajar\/\" rel=\"tag\">Expresiones para trabajar<\/a>, <a href=\"https:\/\/talktips.tv\/es\/category\/habilidades-de-comunicacion\/\" rel=\"tag\">Habilidades de comunicaci\u00f3n<\/a>, <a href=\"https:\/\/talktips.tv\/es\/category\/sin-categorizar\/\" rel=\"tag\">Sin categorizar<\/a><\/span><\/div><h3 class=\"raven-post-title\"><a class=\"raven-post-title-link\" href=\"https:\/\/talktips.tv\/es\/como-saber-cuando-hablar-en-ingles\/\">C\u00f3mo saber cu\u00e1ndo hablar en ingl\u00e9s<\/a><\/h3><\/div><\/div><\/div><\/div><div class=\"raven-posts-item raven-grid-item  \"><div class=\"raven-post-wrapper \"><div class=\"raven-post  \"><div class=\"raven-post-image-wrap\"><a class=\"raven-post-image raven-image-fit\" href=\"https:\/\/talktips.tv\/es\/ingles-facil-para-momentos-incomodos-en-el-trabajo\/\"> <img loading=\"lazy\" decoding=\"async\" width=\"900\" height=\"600\" src=\"https:\/\/talktips.tv\/wp-content\/uploads\/2025\/05\/talktips-blog-cover-awkward.jpg\" class=\"attachment-large size-large wp-image-20748\" alt=\"English for Awkward Work Moments cover\" srcset=\"https:\/\/talktips.tv\/wp-content\/uploads\/2025\/05\/talktips-blog-cover-awkward.jpg 900w, https:\/\/talktips.tv\/wp-content\/uploads\/2025\/05\/talktips-blog-cover-awkward-300x200.jpg 300w, https:\/\/talktips.tv\/wp-content\/uploads\/2025\/05\/talktips-blog-cover-awkward-768x512.jpg 768w\" sizes=\"(max-width: 900px) 100vw, 900px\" \/><span class=\"raven-post-image-overlay\"><\/span><\/a><\/div><div class=\"raven-post-content\" data-id=\"20990\"><div class=\"raven-post-meta\"><a class=\"raven-post-meta-item raven-post-date\" href=\"https:\/\/talktips.tv\/es\/2025\/05\/\" rel=\"bookmark\">mayo 18, 2025<\/a>\n<span class=\"raven-post-meta-item raven-post-categories\"><a href=\"https:\/\/talktips.tv\/es\/category\/experiencias\/\" rel=\"tag\">Experiencias<\/a>, <a href=\"https:\/\/talktips.tv\/es\/category\/expresiones-para-trabajar\/\" rel=\"tag\">Expresiones para trabajar<\/a>, <a href=\"https:\/\/talktips.tv\/es\/category\/habilidades-de-comunicacion\/\" rel=\"tag\">Habilidades de comunicaci\u00f3n<\/a><\/span><\/div><h3 class=\"raven-post-title\"><a class=\"raven-post-title-link\" href=\"https:\/\/talktips.tv\/es\/ingles-facil-para-momentos-incomodos-en-el-trabajo\/\">Ingl\u00e9s f\u00e1cil para momentos inc\u00f3modos en el trabajo<\/a><\/h3><\/div><\/div><\/div><\/div><div class=\"raven-posts-item raven-grid-item  \"><div class=\"raven-post-wrapper \"><div class=\"raven-post  \"><div class=\"raven-post-image-wrap\"><a class=\"raven-post-image raven-image-fit\" href=\"https:\/\/talktips.tv\/es\/conversaciones-en-ingles-en-el-trabajo-coffeebreaks\/\"> <img loading=\"lazy\" decoding=\"async\" width=\"900\" height=\"600\" src=\"https:\/\/talktips.tv\/wp-content\/uploads\/2025\/05\/talktips-blog-cover_0005_pexels-august-de-richelieu-4427813-1.jpg\" class=\"attachment-large size-large wp-image-20738\" alt=\"People walking with coffee conversations in English\" srcset=\"https:\/\/talktips.tv\/wp-content\/uploads\/2025\/05\/talktips-blog-cover_0005_pexels-august-de-richelieu-4427813-1.jpg 900w, https:\/\/talktips.tv\/wp-content\/uploads\/2025\/05\/talktips-blog-cover_0005_pexels-august-de-richelieu-4427813-1-300x200.jpg 300w, https:\/\/talktips.tv\/wp-content\/uploads\/2025\/05\/talktips-blog-cover_0005_pexels-august-de-richelieu-4427813-1-768x512.jpg 768w\" sizes=\"(max-width: 900px) 100vw, 900px\" \/><span class=\"raven-post-image-overlay\"><\/span><\/a><\/div><div class=\"raven-post-content\" data-id=\"21071\"><div class=\"raven-post-meta\"><a class=\"raven-post-meta-item raven-post-date\" href=\"https:\/\/talktips.tv\/es\/2025\/04\/\" rel=\"bookmark\">abril 18, 2025<\/a>\n<span class=\"raven-post-meta-item raven-post-categories\"><a href=\"https:\/\/talktips.tv\/es\/category\/expresiones-para-trabajar\/\" rel=\"tag\">Expresiones para trabajar<\/a>, <a href=\"https:\/\/talktips.tv\/es\/category\/habilidades-de-comunicacion\/\" rel=\"tag\">Habilidades de comunicaci\u00f3n<\/a><\/span><\/div><h3 class=\"raven-post-title\"><a class=\"raven-post-title-link\" href=\"https:\/\/talktips.tv\/es\/conversaciones-en-ingles-en-el-trabajo-coffeebreaks\/\">Conversaciones en ingl\u00e9s en el trabajo: Coffee-breaks<\/a><\/h3><\/div><\/div><\/div><\/div><div class=\"raven-posts-item raven-grid-item  \"><div class=\"raven-post-wrapper \"><div class=\"raven-post  \"><div class=\"raven-post-image-wrap\"><a class=\"raven-post-image raven-image-fit\" href=\"https:\/\/talktips.tv\/es\/como-interrumpir-y-hacer-preguntas-en-reuniones-de-trabajo-en-ingles\/\"> <img loading=\"lazy\" decoding=\"async\" width=\"900\" height=\"600\" src=\"https:\/\/talktips.tv\/wp-content\/uploads\/2025\/05\/talktips-blog-cover_0004_pexels-shkrabaanthony-5217833.jpg\" class=\"attachment-large size-large wp-image-20736\" alt=\"how to interrupt and ask questions in english\" srcset=\"https:\/\/talktips.tv\/wp-content\/uploads\/2025\/05\/talktips-blog-cover_0004_pexels-shkrabaanthony-5217833.jpg 900w, https:\/\/talktips.tv\/wp-content\/uploads\/2025\/05\/talktips-blog-cover_0004_pexels-shkrabaanthony-5217833-300x200.jpg 300w, https:\/\/talktips.tv\/wp-content\/uploads\/2025\/05\/talktips-blog-cover_0004_pexels-shkrabaanthony-5217833-768x512.jpg 768w\" sizes=\"(max-width: 900px) 100vw, 900px\" \/><span class=\"raven-post-image-overlay\"><\/span><\/a><\/div><div class=\"raven-post-content\" data-id=\"21064\"><div class=\"raven-post-meta\"><a class=\"raven-post-meta-item raven-post-date\" href=\"https:\/\/talktips.tv\/es\/2025\/03\/\" rel=\"bookmark\">marzo 18, 2025<\/a>\n<span class=\"raven-post-meta-item raven-post-categories\"><a href=\"https:\/\/talktips.tv\/es\/category\/expresiones-para-trabajar\/\" rel=\"tag\">Expresiones para trabajar<\/a>, <a href=\"https:\/\/talktips.tv\/es\/category\/habilidades-de-comunicacion\/\" rel=\"tag\">Habilidades de comunicaci\u00f3n<\/a><\/span><\/div><h3 class=\"raven-post-title\"><a class=\"raven-post-title-link\" href=\"https:\/\/talktips.tv\/es\/como-interrumpir-y-hacer-preguntas-en-reuniones-de-trabajo-en-ingles\/\">C\u00f3mo interrumpir y hacer preguntas en reuniones de trabajo en ingl\u00e9s<\/a><\/h3><\/div><\/div><\/div><\/div>\t\t\t<\/div>\n\t\t\t<span class=\"raven-posts-preloader\"><\/span><div class=\"raven-load-more\" data-settings=\"{&quot;maxNumPages&quot;:5}\"><a class=\"raven-load-more-button\" href=\"#\"><span class=\"raven-post-button-text\">Load More<\/span><\/a><\/div>\t\t<\/div>\n\t\t\t\t\t\t<\/div>\n\t\t\t\t<\/div>\n\t\t\t\t\t<\/div>\n\t\t\t\t<\/div>\n\t\t<div class=\"elementor-element elementor-element-285b128 e-flex e-con-boxed e-con e-parent\" data-id=\"285b128\" data-element_type=\"container\" data-e-type=\"container\" data-settings=\"{&quot;background_background&quot;:&quot;classic&quot;}\">\n\t\t\t\t\t<div class=\"e-con-inner\">\n\t\t<div data-raven-element-link=\"{&quot;url&quot;:&quot;https:\\\/\\\/talktips.tv&quot;,&quot;is_external&quot;:&quot;&quot;,&quot;nofollow&quot;:&quot;&quot;,&quot;custom_attributes&quot;:&quot;&quot;}\" style=\"cursor: pointer\" class=\"elementor-element elementor-element-4d8893c e-con-full e-flex e-con e-child\" data-id=\"4d8893c\" data-element_type=\"container\" data-e-type=\"container\" data-settings=\"{&quot;background_background&quot;:&quot;slideshow&quot;,&quot;background_slideshow_ken_burns&quot;:&quot;yes&quot;,&quot;background_slideshow_gallery&quot;:[{&quot;id&quot;:19281,&quot;url&quot;:&quot;https:\\\/\\\/talktips.tv\\\/wp-content\\\/uploads\\\/2024\\\/07\\\/banner-test.jpg&quot;},{&quot;id&quot;:19582,&quot;url&quot;:&quot;https:\\\/\\\/talktips.tv\\\/wp-content\\\/uploads\\\/2025\\\/05\\\/talktips-collage-banner.jpg&quot;},{&quot;id&quot;:19745,&quot;url&quot;:&quot;https:\\\/\\\/talktips.tv\\\/wp-content\\\/uploads\\\/2025\\\/05\\\/talktips-youtube-collageII.jpg&quot;}],&quot;background_slideshow_loop&quot;:&quot;yes&quot;,&quot;background_slideshow_slide_duration&quot;:5000,&quot;background_slideshow_slide_transition&quot;:&quot;fade&quot;,&quot;background_slideshow_transition_duration&quot;:500,&quot;background_slideshow_ken_burns_zoom_direction&quot;:&quot;in&quot;}\">\n\t\t<div class=\"elementor-element elementor-element-8c4003d e-con-full e-flex e-con e-child\" data-id=\"8c4003d\" data-element_type=\"container\" data-e-type=\"container\">\n\t\t\t\t<div class=\"elementor-element elementor-element-594a613 elementor-widget elementor-widget-heading\" data-id=\"594a613\" data-element_type=\"widget\" data-e-type=\"widget\" data-widget_type=\"heading.default\">\n\t\t\t\t<div class=\"elementor-widget-container\">\n\t\t\t\t\t<h2 class=\"elementor-heading-title elementor-size-default\"><img loading=\"lazy\" decoding=\"async\" class=\"attachment-full size-full\" style=\"vertical-align: top\" src=\"https:\/\/talktips.tv\/wp-content\/uploads\/2024\/03\/talktips-light-w-1.svg\" alt=\"\" width=\"22\" height=\"10\"> Get tips on Youtube \ud83d\ude42<\/h2>\t\t\t\t<\/div>\n\t\t\t\t<\/div>\n\t\t\t\t<div class=\"elementor-element elementor-element-13d4398 elementor-widget elementor-widget-heading\" data-id=\"13d4398\" data-element_type=\"widget\" data-e-type=\"widget\" data-widget_type=\"heading.default\">\n\t\t\t\t<div class=\"elementor-widget-container\">\n\t\t\t\t\t<h2 class=\"elementor-heading-title elementor-size-default\">Fresh content every week<\/h2>\t\t\t\t<\/div>\n\t\t\t\t<\/div>\n\t\t\t\t<\/div>\n\t\t<div class=\"elementor-element elementor-element-ca4e270 e-con-full e-flex e-con e-child\" data-id=\"ca4e270\" data-element_type=\"container\" data-e-type=\"container\">\n\t\t\t\t<div class=\"elementor-element elementor-element-639ac17 elementor-align-center elementor-widget elementor-widget-button\" data-id=\"639ac17\" data-element_type=\"widget\" data-e-type=\"widget\" data-widget_type=\"button.default\">\n\t\t\t\t<div class=\"elementor-widget-container\">\n\t\t\t\t\t\t\t\t\t<div class=\"elementor-button-wrapper\">\n\t\t\t\t\t<a class=\"elementor-button elementor-button-link elementor-size-lg\" href=\"https:\/\/www.youtube.com\/@talktipstv\" rel=\"noopener\">\n\t\t\t\t\t\t<span class=\"elementor-button-content-wrapper\">\n\t\t\t\t\t\t\t\t\t<span class=\"elementor-button-text\">@talktipstv<\/span>\n\t\t\t\t\t<\/span>\n\t\t\t\t\t<\/a>\n\t\t\t\t<\/div>\n\t\t\t\t\t\t\t\t<\/div>\n\t\t\t\t<\/div>\n\t\t\t\t<\/div>\n\t\t\t\t<\/div>\n\t\t\t\t\t<\/div>\n\t\t\t\t<\/div>\n\t\t<div class=\"elementor-element elementor-element-0f2ff41 e-flex e-con-boxed e-con e-parent\" data-id=\"0f2ff41\" data-element_type=\"container\" data-e-type=\"container\">\n\t\t\t\t\t<div class=\"e-con-inner\">\n\t\t<div class=\"elementor-element elementor-element-e01dc45 e-con-full e-flex e-con e-child\" data-id=\"e01dc45\" data-element_type=\"container\" data-e-type=\"container\">\n\t\t\t\t<div class=\"elementor-element elementor-element-c8542e4 e-transform elementor-widget elementor-widget-image\" data-id=\"c8542e4\" data-element_type=\"widget\" data-e-type=\"widget\" data-settings=\"{&quot;_transform_rotateZ_effect&quot;:{&quot;unit&quot;:&quot;px&quot;,&quot;size&quot;:-4,&quot;sizes&quot;:[]},&quot;_transform_rotateZ_effect_tablet&quot;:{&quot;unit&quot;:&quot;deg&quot;,&quot;size&quot;:&quot;&quot;,&quot;sizes&quot;:[]},&quot;_transform_rotateZ_effect_mobile&quot;:{&quot;unit&quot;:&quot;deg&quot;,&quot;size&quot;:&quot;&quot;,&quot;sizes&quot;:[]}}\" data-widget_type=\"image.default\">\n\t\t\t\t<div class=\"elementor-widget-container\">\n\t\t\t\t\t\t\t\t\t\t\t\t\t\t\t<img loading=\"lazy\" decoding=\"async\" width=\"777\" height=\"260\" src=\"https:\/\/talktips.tv\/wp-content\/uploads\/2025\/04\/logo-talktips-v3-pla-equilibratb.svg\" class=\"attachment-large size-large wp-image-19034\" alt=\"\" \/>\t\t\t\t\t\t\t\t\t\t\t\t\t\t\t<\/div>\n\t\t\t\t<\/div>\n\t\t\t\t<\/div>\n\t\t\t\t\t<\/div>\n\t\t\t\t<\/div>\n\t\t\t\t<\/div>\n\t\t","protected":false},"excerpt":{"rendered":"<p>BLOG AllBusiness EnglishCommunication SkillsEnglish languageExperiencesExpressions for workJob interview skills May 18, 2025 Communication Skills, Experiences, Expressions for work Easy English for Awkward Work Moments April 18, 2025 Communication Skills, Expressions for work CONVERSATIONS IN ENGLISH AT WORK: Coffee-breaks March 18, 2025 Communication Skills, Expressions for work How to Interrupt &amp; Ask Questions in English Work [&hellip;]<\/p>\n","protected":false},"author":1,"featured_media":0,"parent":0,"menu_order":0,"comment_status":"closed","ping_status":"open","template":"elementor_header_footer","meta":{"_acf_changed":false,"footnotes":""},"class_list":["post-21169","page","type-page","status-publish","hentry"],"acf":[],"_links":{"self":[{"href":"https:\/\/talktips.tv\/es\/wp-json\/wp\/v2\/pages\/21169","targetHints":{"allow":["GET"]}}],"collection":[{"href":"https:\/\/talktips.tv\/es\/wp-json\/wp\/v2\/pages"}],"about":[{"href":"https:\/\/talktips.tv\/es\/wp-json\/wp\/v2\/types\/page"}],"author":[{"embeddable":true,"href":"https:\/\/talktips.tv\/es\/wp-json\/wp\/v2\/users\/1"}],"replies":[{"embeddable":true,"href":"https:\/\/talktips.tv\/es\/wp-json\/wp\/v2\/comments?post=21169"}],"version-history":[{"count":3,"href":"https:\/\/talktips.tv\/es\/wp-json\/wp\/v2\/pages\/21169\/revisions"}],"predecessor-version":[{"id":22813,"href":"https:\/\/talktips.tv\/es\/wp-json\/wp\/v2\/pages\/21169\/revisions\/22813"}],"wp:attachment":[{"href":"https:\/\/talktips.tv\/es\/wp-json\/wp\/v2\/media?parent=21169"}],"curies":[{"name":"wp","href":"https:\/\/api.w.org\/{rel}","templated":true}]}}